{"id":117,"date":"2023-10-20T09:44:57","date_gmt":"2023-10-20T07:44:57","guid":{"rendered":"https:\/\/www.viva-gladius.com\/?page_id=117"},"modified":"2026-02-07T09:09:37","modified_gmt":"2026-02-07T08:09:37","slug":"co-vam-nabizime","status":"publish","type":"page","link":"https:\/\/www.viva-gladius.com\/?page_id=117","title":{"rendered":"Co v\u00e1m nab\u00edz\u00edme?"},"content":{"rendered":"\n<p class=\"has-text-align-center\"><strong><mark style=\"background-color:rgba(0, 0, 0, 0)\" class=\"has-inline-color has-vivid-red-color\">Jsme skupina historick\u00e9ho \u0161ermu z Plzn\u011b, kter\u00e1 m\u00e1 mnohaletou zku\u0161enost s vystupov\u00e1n\u00edm, \u010di po\u0159\u00e1d\u00e1n\u00edm akc\u00ed pro nej\u0161ir\u0161\u00ed publikum.<\/mark><\/strong><\/p>\n\n\n\n<p class=\"has-text-align-center\"><strong>Zvl\u00e1dneme pobavit nejmen\u0161\u00ed (d\u011bti \u0161kolkov\u00e9ho v\u011bku) stejn\u011b jako nejstar\u0161\u00ed (domovy d\u016fchodov\u00e9 p\u00e9\u010de).<\/strong><\/p>\n\n\n\n<p class=\"has-text-align-center\"><strong><mark style=\"background-color:rgba(0, 0, 0, 0)\" class=\"has-inline-color has-vivid-red-color\">Na\u0161e vystoupen\u00ed jsou prokl\u00e1dan\u00e9 vtipn\u00fdmi replikami, ale i popul\u00e1rn\u00ed nau\u010dn\u011b-vzd\u011bl\u00e1vac\u00ed p\u0159edn\u00e1\u0161kou s t\u00e9matikou antick\u00e9ho \u0159\u00edma a samoz\u0159ejm\u011b gladi\u00e1tor\u016f.<\/mark><\/strong><\/p>\n\n\n\n<p class=\"has-text-align-center\"><strong>Na na\u0161ich akc\u00edch, nech\u00e1me publikum vyzkou\u0161et si gladi\u00e1torskou v\u00fdstroj, prohl\u00e9dnout si t\u00e1bor a ochutnat z na\u0161\u00ed starov\u011bk\u00e9 kuchyn\u011b, kde va\u0159\u00edme podle Apiciovi slavn\u00e9 kucha\u0159ky.<\/strong><\/p>\n\n\n\n<p class=\"has-text-align-center\"><strong><mark style=\"background-color:rgba(0, 0, 0, 0)\" class=\"has-inline-color has-vivid-red-color\">Samotn\u00fd boj je naprosto opravdov\u00fd, \u017e\u00e1dn\u00e9 divadlo! Proto se ob\u010das stane, \u017ee i te\u010de pro na\u0161e publikum krev.<\/mark><\/strong><\/p>\n\n\n\n<p class=\"has-text-align-center\"><strong>Pokud chcete show, jakou jste je\u0161t\u011b nevid\u011bli, jsme zde pro V\u00e1s! Cena vystoupen\u00ed se domlouv\u00e1 p\u0159\u00edmo pro Va\u0161e pot\u0159eby a p\u0159edstavu, proto j\u00ed nech\u00e1v\u00e1me na osobn\u00edm, \u010di telefonick\u00e9m jedn\u00e1n\u00ed.<\/strong><\/p>\n\n\n\n<p class=\"has-text-align-center\"><strong>KONTAKT:<\/strong><\/p>\n\n\n\n<p class=\"has-text-align-center\"><strong>GLADIATORES VIVA GLADIUS z.s.<\/strong><\/p>\n\n\n\n<p class=\"has-text-align-center\"><strong>I\u010cO: 21216932<\/strong><\/p>\n\n\n\n<p class=\"has-text-align-center\"><strong><mark style=\"background-color:rgba(0, 0, 0, 0)\" class=\"has-inline-color has-black-color\">tel:<\/mark><mark style=\"background-color:rgba(0, 0, 0, 0)\" class=\"has-inline-color has-vivid-green-cyan-color\"> 704 527 431<\/mark><\/strong><\/p>\n\n\n\n<p class=\"has-text-align-center\"><strong><mark style=\"background-color:rgba(0, 0, 0, 0)\" class=\"has-inline-color has-black-color\">E-mail:<\/mark><mark style=\"background-color:rgba(0, 0, 0, 0)\" class=\"has-inline-color has-vivid-cyan-blue-color\"> bran1985@seznam.cz<\/mark><\/strong><\/p>\n\n\n\n<p class=\"has-text-align-center\"><strong><mark style=\"background-color:rgba(0, 0, 0, 0)\" class=\"has-inline-color has-vivid-red-color\">V kone\u010dn\u00e9m v\u00edt\u011bzstv\u00ed, nebo smrti! Viva Gladius<\/mark><\/strong><\/p>\n\n\n\n<p class=\"has-text-align-center\"><strong>Pro v\u00edce informac\u00ed o n\u00e1s klikni na obr\u00e1zek!<\/strong><\/p>\n\n\n<div class=\"wp-block-image\">\n<figure class=\"aligncenter size-full is-resized\"><a href=\"https:\/\/www.viva-gladius.com\/?page_id=326\"><img loading=\"lazy\" decoding=\"async\" width=\"900\" height=\"900\" src=\"https:\/\/www.viva-gladius.com\/wp-content\/uploads\/2025\/03\/logo-new.png\" alt=\"\" class=\"wp-image-930\" style=\"width:474px;height:auto\" srcset=\"https:\/\/www.viva-gladius.com\/wp-content\/uploads\/2025\/03\/logo-new.png 900w, https:\/\/www.viva-gladius.com\/wp-content\/uploads\/2025\/03\/logo-new-300x300.png 300w, https:\/\/www.viva-gladius.com\/wp-content\/uploads\/2025\/03\/logo-new-150x150.png 150w, https:\/\/www.viva-gladius.com\/wp-content\/uploads\/2025\/03\/logo-new-768x768.png 768w, https:\/\/www.viva-gladius.com\/wp-content\/uploads\/2025\/03\/logo-new-75x75.png 75w\" sizes=\"auto, (max-width: 900px) 100vw, 900px\" \/><\/a><\/figure>\n<\/div><div class=\"pvc_clear\"><\/div><p id=\"pvc_stats_117\" class=\"pvc_stats all  \" data-element-id=\"117\" style=\"\"><i class=\"pvc-stats-icon large\" aria-hidden=\"true\"><svg xmlns=\"http:\/\/www.w3.org\/2000\/svg\" version=\"1.0\" viewBox=\"0 0 502 315\" preserveAspectRatio=\"xMidYMid meet\"><g transform=\"translate(0,332) scale(0.1,-0.1)\" fill=\"\" stroke=\"none\"><path d=\"M2394 3279 l-29 -30 -3 -207 c-2 -182 0 -211 15 -242 39 -76 157 -76 196 0 15 31 17 60 15 243 l-3 209 -33 29 c-26 23 -41 29 -80 29 -41 0 -53 -5 -78 -31z\"\/><path d=\"M3085 3251 c-45 -19 -58 -50 -96 -229 -47 -217 -49 -260 -13 -295 52 -53 146 -42 177 20 16 31 87 366 87 410 0 70 -86 122 -155 94z\"\/><path d=\"M1751 3234 c-13 -9 -29 -31 -37 -50 -12 -29 -10 -49 21 -204 19 -94 39 -189 45 -210 14 -50 54 -80 110 -80 34 0 48 6 76 34 21 21 34 44 34 59 0 14 -18 113 -40 219 -37 178 -43 195 -70 221 -36 32 -101 37 -139 11z\"\/><path d=\"M1163 3073 c-36 -7 -73 -59 -73 -102 0 -56 133 -378 171 -413 34 -32 83 -37 129 -13 70 36 67 87 -16 290 -86 209 -89 214 -129 231 -35 14 -42 15 -82 7z\"\/><path d=\"M3689 3066 c-15 -9 -33 -30 -42 -48 -48 -103 -147 -355 -147 -375 0 -98 131 -148 192 -74 13 15 57 108 97 206 80 196 84 226 37 273 -30 30 -99 39 -137 18z\"\/><path d=\"M583 2784 c-38 -19 -67 -74 -58 -113 9 -42 211 -354 242 -373 16 -10 45 -18 66 -18 51 0 107 52 107 100 0 39 -1 41 -124 234 -80 126 -108 162 -133 173 -41 17 -61 16 -100 -3z\"\/><path d=\"M4250 2784 c-14 -9 -74 -91 -133 -183 -95 -150 -107 -173 -107 -213 0 -55 33 -94 87 -104 67 -13 90 8 211 198 130 202 137 225 78 284 -27 27 -42 34 -72 34 -22 0 -50 -8 -64 -16z\"\/><path d=\"M2275 2693 c-553 -48 -1095 -270 -1585 -649 -135 -104 -459 -423 -483 -476 -23 -49 -22 -139 2 -186 73 -142 361 -457 571 -626 285 -228 642 -407 990 -497 242 -63 336 -73 660 -74 310 0 370 5 595 52 535 111 1045 392 1455 803 122 121 250 273 275 326 19 41 19 137 0 174 -41 79 -309 363 -465 492 -447 370 -946 591 -1479 653 -113 14 -422 18 -536 8z m395 -428 c171 -34 330 -124 456 -258 112 -119 167 -219 211 -378 27 -96 24 -300 -5 -401 -72 -255 -236 -447 -474 -557 -132 -62 -201 -76 -368 -76 -167 0 -236 14 -368 76 -213 98 -373 271 -451 485 -162 444 86 934 547 1084 153 49 292 57 452 25z m909 -232 c222 -123 408 -262 593 -441 76 -74 138 -139 138 -144 0 -16 -233 -242 -330 -319 -155 -123 -309 -223 -461 -299 l-81 -41 32 46 c18 26 49 83 70 128 143 306 141 649 -6 957 -25 52 -61 116 -79 142 l-34 47 45 -20 c26 -10 76 -36 113 -56z m-2057 25 c-40 -58 -105 -190 -130 -263 -110 -324 -59 -707 132 -981 25 -35 42 -64 37 -64 -19 0 -241 119 -326 174 -188 122 -406 314 -532 468 l-58 71 108 103 c185 178 428 349 672 473 66 33 121 60 123 61 2 0 -10 -19 -26 -42z\"\/><path d=\"M2375 1950 c-198 -44 -350 -190 -395 -379 -18 -76 -8 -221 19 -290 114 -284 457 -406 731 -260 98 52 188 154 231 260 27 69 37 214 19 290 -38 163 -166 304 -326 360 -67 23 -215 33 -279 19z\"\/><\/g><\/svg><\/i> <img loading=\"lazy\" decoding=\"async\" width=\"16\" height=\"16\" alt=\"Loading\" src=\"https:\/\/www.viva-gladius.com\/wp-content\/plugins\/page-views-count\/ajax-loader-2x.gif\" border=0 \/><\/p><div class=\"pvc_clear\"><\/div>","protected":false},"excerpt":{"rendered":"<p>Jsme skupina historick\u00e9ho \u0161ermu z Plzn\u011b, kter\u00e1 m\u00e1 mnohaletou zku\u0161enost s vystupov\u00e1n\u00edm, \u010di po\u0159\u00e1d\u00e1n\u00edm akc\u00ed pro nej\u0161ir\u0161\u00ed publikum. Zvl\u00e1dneme pobavit nejmen\u0161\u00ed (d\u011bti \u0161kolkov\u00e9ho v\u011bku) stejn\u011b jako nejstar\u0161\u00ed (domovy d\u016fchodov\u00e9 p\u00e9\u010de). Na\u0161e vystoupen\u00ed jsou prokl\u00e1dan\u00e9 vtipn\u00fdmi replikami, ale i popul\u00e1rn\u00ed nau\u010dn\u011b-vzd\u011bl\u00e1vac\u00ed p\u0159edn\u00e1\u0161kou s t\u00e9matikou antick\u00e9ho \u0159\u00edma a samoz\u0159ejm\u011b gladi\u00e1tor\u016f. Na na\u0161ich akc\u00edch, nech\u00e1me publikum vyzkou\u0161et si gladi\u00e1torskou v\u00fdstroj, prohl\u00e9dnout si t\u00e1bor a ochutnat z na\u0161\u00ed starov\u011bk\u00e9 kuchyn\u011b, kde va\u0159\u00edme podle Apiciovi slavn\u00e9 kucha\u0159ky. Samotn\u00fd boj je naprosto opravdov\u00fd, \u017e\u00e1dn\u00e9 divadlo! Proto se ob\u010das stane, \u017ee i te\u010de pro na\u0161e publikum krev. Pokud chcete show, jakou jste je\u0161t\u011b nevid\u011bli, jsme zde pro V\u00e1s! Cena vystoupen\u00ed se domlouv\u00e1 p\u0159\u00edmo pro Va\u0161e pot\u0159eby a p\u0159edstavu, proto j\u00ed nech\u00e1v\u00e1me na osobn\u00edm, \u010di telefonick\u00e9m jedn\u00e1n\u00ed. KONTAKT: GLADIATORES VIVA GLADIUS z.s. I\u010cO: 21216932 tel: 704 527 431 E-mail: bran1985@seznam.cz V kone\u010dn\u00e9m v\u00edt\u011bzstv\u00ed, nebo smrti! Viva Gladius Pro v\u00edce informac\u00ed o n\u00e1s klikni na obr\u00e1zek!<\/p>\n<div class=\"pvc_clear\"><\/div>\n<p id=\"pvc_stats_117\" class=\"pvc_stats all  \" data-element-id=\"117\" style=\"\"><i class=\"pvc-stats-icon large\" aria-hidden=\"true\"><svg xmlns=\"http:\/\/www.w3.org\/2000\/svg\" version=\"1.0\" viewBox=\"0 0 502 315\" preserveAspectRatio=\"xMidYMid meet\"><g transform=\"translate(0,332) scale(0.1,-0.1)\" fill=\"\" stroke=\"none\"><path d=\"M2394 3279 l-29 -30 -3 -207 c-2 -182 0 -211 15 -242 39 -76 157 -76 196 0 15 31 17 60 15 243 l-3 209 -33 29 c-26 23 -41 29 -80 29 -41 0 -53 -5 -78 -31z\"\/><path d=\"M3085 3251 c-45 -19 -58 -50 -96 -229 -47 -217 -49 -260 -13 -295 52 -53 146 -42 177 20 16 31 87 366 87 410 0 70 -86 122 -155 94z\"\/><path d=\"M1751 3234 c-13 -9 -29 -31 -37 -50 -12 -29 -10 -49 21 -204 19 -94 39 -189 45 -210 14 -50 54 -80 110 -80 34 0 48 6 76 34 21 21 34 44 34 59 0 14 -18 113 -40 219 -37 178 -43 195 -70 221 -36 32 -101 37 -139 11z\"\/><path d=\"M1163 3073 c-36 -7 -73 -59 -73 -102 0 -56 133 -378 171 -413 34 -32 83 -37 129 -13 70 36 67 87 -16 290 -86 209 -89 214 -129 231 -35 14 -42 15 -82 7z\"\/><path d=\"M3689 3066 c-15 -9 -33 -30 -42 -48 -48 -103 -147 -355 -147 -375 0 -98 131 -148 192 -74 13 15 57 108 97 206 80 196 84 226 37 273 -30 30 -99 39 -137 18z\"\/><path d=\"M583 2784 c-38 -19 -67 -74 -58 -113 9 -42 211 -354 242 -373 16 -10 45 -18 66 -18 51 0 107 52 107 100 0 39 -1 41 -124 234 -80 126 -108 162 -133 173 -41 17 -61 16 -100 -3z\"\/><path d=\"M4250 2784 c-14 -9 -74 -91 -133 -183 -95 -150 -107 -173 -107 -213 0 -55 33 -94 87 -104 67 -13 90 8 211 198 130 202 137 225 78 284 -27 27 -42 34 -72 34 -22 0 -50 -8 -64 -16z\"\/><path d=\"M2275 2693 c-553 -48 -1095 -270 -1585 -649 -135 -104 -459 -423 -483 -476 -23 -49 -22 -139 2 -186 73 -142 361 -457 571 -626 285 -228 642 -407 990 -497 242 -63 336 -73 660 -74 310 0 370 5 595 52 535 111 1045 392 1455 803 122 121 250 273 275 326 19 41 19 137 0 174 -41 79 -309 363 -465 492 -447 370 -946 591 -1479 653 -113 14 -422 18 -536 8z m395 -428 c171 -34 330 -124 456 -258 112 -119 167 -219 211 -378 27 -96 24 -300 -5 -401 -72 -255 -236 -447 -474 -557 -132 -62 -201 -76 -368 -76 -167 0 -236 14 -368 76 -213 98 -373 271 -451 485 -162 444 86 934 547 1084 153 49 292 57 452 25z m909 -232 c222 -123 408 -262 593 -441 76 -74 138 -139 138 -144 0 -16 -233 -242 -330 -319 -155 -123 -309 -223 -461 -299 l-81 -41 32 46 c18 26 49 83 70 128 143 306 141 649 -6 957 -25 52 -61 116 -79 142 l-34 47 45 -20 c26 -10 76 -36 113 -56z m-2057 25 c-40 -58 -105 -190 -130 -263 -110 -324 -59 -707 132 -981 25 -35 42 -64 37 -64 -19 0 -241 119 -326 174 -188 122 -406 314 -532 468 l-58 71 108 103 c185 178 428 349 672 473 66 33 121 60 123 61 2 0 -10 -19 -26 -42z\"\/><path d=\"M2375 1950 c-198 -44 -350 -190 -395 -379 -18 -76 -8 -221 19 -290 114 -284 457 -406 731 -260 98 52 188 154 231 260 27 69 37 214 19 290 -38 163 -166 304 -326 360 -67 23 -215 33 -279 19z\"\/><\/g><\/svg><\/i> <img loading=\"lazy\" decoding=\"async\" width=\"16\" height=\"16\" alt=\"Loading\" src=\"https:\/\/www.viva-gladius.com\/wp-content\/plugins\/page-views-count\/ajax-loader-2x.gif\" border=0 \/><\/p>\n<div class=\"pvc_clear\"><\/div>\n","protected":false},"author":1,"featured_media":1478,"parent":0,"menu_order":0,"comment_status":"closed","ping_status":"closed","template":"","meta":{"_monsterinsights_skip_tracking":false,"_monsterinsights_sitenote_active":false,"_monsterinsights_sitenote_note":"","_monsterinsights_sitenote_category":0,"footnotes":""},"class_list":["post-117","page","type-page","status-publish","has-post-thumbnail","hentry"],"yoast_head":"<!-- This site is optimized with the Yoast SEO plugin v27.2 - https:\/\/yoast.com\/product\/yoast-seo-wordpress\/ -->\n<title>Co v\u00e1m nab\u00edz\u00edme? - Viva Gladius<\/title>\n<meta name=\"robots\" content=\"index, follow, max-snippet:-1, max-image-preview:large, max-video-preview:-1\" \/>\n<link rel=\"canonical\" href=\"https:\/\/www.viva-gladius.com\/?page_id=117\" \/>\n<meta property=\"og:locale\" content=\"cs_CZ\" \/>\n<meta property=\"og:type\" content=\"article\" \/>\n<meta property=\"og:title\" content=\"Co v\u00e1m nab\u00edz\u00edme? - Viva Gladius\" \/>\n<meta property=\"og:description\" content=\"Jsme skupina historick\u00e9ho \u0161ermu z Plzn\u011b, kter\u00e1 m\u00e1 mnohaletou zku\u0161enost s vystupov\u00e1n\u00edm, \u010di po\u0159\u00e1d\u00e1n\u00edm akc\u00ed pro nej\u0161ir\u0161\u00ed publikum. Zvl\u00e1dneme pobavit nejmen\u0161\u00ed (d\u011bti \u0161kolkov\u00e9ho v\u011bku) stejn\u011b jako nejstar\u0161\u00ed (domovy d\u016fchodov\u00e9 p\u00e9\u010de). Na\u0161e vystoupen\u00ed jsou prokl\u00e1dan\u00e9 vtipn\u00fdmi replikami, ale i popul\u00e1rn\u00ed nau\u010dn\u011b-vzd\u011bl\u00e1vac\u00ed p\u0159edn\u00e1\u0161kou s t\u00e9matikou antick\u00e9ho \u0159\u00edma a samoz\u0159ejm\u011b gladi\u00e1tor\u016f. Na na\u0161ich akc\u00edch, nech\u00e1me publikum vyzkou\u0161et si gladi\u00e1torskou v\u00fdstroj, prohl\u00e9dnout si t\u00e1bor a ochutnat z na\u0161\u00ed starov\u011bk\u00e9 kuchyn\u011b, kde va\u0159\u00edme podle Apiciovi slavn\u00e9 kucha\u0159ky. Samotn\u00fd boj je naprosto opravdov\u00fd, \u017e\u00e1dn\u00e9 divadlo! Proto se ob\u010das stane, \u017ee i te\u010de pro na\u0161e publikum krev. Pokud chcete show, jakou jste je\u0161t\u011b nevid\u011bli, jsme zde pro V\u00e1s! Cena vystoupen\u00ed se domlouv\u00e1 p\u0159\u00edmo pro Va\u0161e pot\u0159eby a p\u0159edstavu, proto j\u00ed nech\u00e1v\u00e1me na osobn\u00edm, \u010di telefonick\u00e9m jedn\u00e1n\u00ed. KONTAKT: GLADIATORES VIVA GLADIUS z.s. I\u010cO: 21216932 tel: 704 527 431 E-mail: bran1985@seznam.cz V kone\u010dn\u00e9m v\u00edt\u011bzstv\u00ed, nebo smrti! Viva Gladius Pro v\u00edce informac\u00ed o n\u00e1s klikni na obr\u00e1zek!\" \/>\n<meta property=\"og:url\" content=\"https:\/\/www.viva-gladius.com\/?page_id=117\" \/>\n<meta property=\"og:site_name\" content=\"Viva Gladius\" \/>\n<meta property=\"article:modified_time\" content=\"2026-02-07T08:09:37+00:00\" \/>\n<meta property=\"og:image\" content=\"https:\/\/www.viva-gladius.com\/wp-content\/uploads\/2026\/02\/536269581_760181416606044_446641224263094297_n.jpg\" \/>\n\t<meta property=\"og:image:width\" content=\"1606\" \/>\n\t<meta property=\"og:image:height\" content=\"858\" \/>\n\t<meta property=\"og:image:type\" content=\"image\/jpeg\" \/>\n<meta name=\"twitter:card\" content=\"summary_large_image\" \/>\n<meta name=\"twitter:label1\" content=\"Odhadovan\u00e1 doba \u010dten\u00ed\" \/>\n\t<meta name=\"twitter:data1\" content=\"2 minuty\" \/>\n<script type=\"application\/ld+json\" class=\"yoast-schema-graph\">{\"@context\":\"https:\/\/schema.org\",\"@graph\":[{\"@type\":\"WebPage\",\"@id\":\"https:\/\/www.viva-gladius.com\/?page_id=117\",\"url\":\"https:\/\/www.viva-gladius.com\/?page_id=117\",\"name\":\"Co v\u00e1m nab\u00edz\u00edme? - Viva Gladius\",\"isPartOf\":{\"@id\":\"https:\/\/www.viva-gladius.com\/#website\"},\"primaryImageOfPage\":{\"@id\":\"https:\/\/www.viva-gladius.com\/?page_id=117#primaryimage\"},\"image\":{\"@id\":\"https:\/\/www.viva-gladius.com\/?page_id=117#primaryimage\"},\"thumbnailUrl\":\"https:\/\/www.viva-gladius.com\/wp-content\/uploads\/2026\/02\/536269581_760181416606044_446641224263094297_n.jpg\",\"datePublished\":\"2023-10-20T07:44:57+00:00\",\"dateModified\":\"2026-02-07T08:09:37+00:00\",\"breadcrumb\":{\"@id\":\"https:\/\/www.viva-gladius.com\/?page_id=117#breadcrumb\"},\"inLanguage\":\"cs\",\"potentialAction\":[{\"@type\":\"ReadAction\",\"target\":[\"https:\/\/www.viva-gladius.com\/?page_id=117\"]}]},{\"@type\":\"ImageObject\",\"inLanguage\":\"cs\",\"@id\":\"https:\/\/www.viva-gladius.com\/?page_id=117#primaryimage\",\"url\":\"https:\/\/www.viva-gladius.com\/wp-content\/uploads\/2026\/02\/536269581_760181416606044_446641224263094297_n.jpg\",\"contentUrl\":\"https:\/\/www.viva-gladius.com\/wp-content\/uploads\/2026\/02\/536269581_760181416606044_446641224263094297_n.jpg\",\"width\":1606,\"height\":858},{\"@type\":\"BreadcrumbList\",\"@id\":\"https:\/\/www.viva-gladius.com\/?page_id=117#breadcrumb\",\"itemListElement\":[{\"@type\":\"ListItem\",\"position\":1,\"name\":\"Home\",\"item\":\"https:\/\/www.viva-gladius.com\/\"},{\"@type\":\"ListItem\",\"position\":2,\"name\":\"Co v\u00e1m nab\u00edz\u00edme?\"}]},{\"@type\":\"WebSite\",\"@id\":\"https:\/\/www.viva-gladius.com\/#website\",\"url\":\"https:\/\/www.viva-gladius.com\/\",\"name\":\"Viva Gladius\",\"description\":\"KONE\u010cN\u00c9 V\u00cdT\u011aZSTV\u00cd, NEBO SMRT!\",\"potentialAction\":[{\"@type\":\"SearchAction\",\"target\":{\"@type\":\"EntryPoint\",\"urlTemplate\":\"https:\/\/www.viva-gladius.com\/?s={search_term_string}\"},\"query-input\":{\"@type\":\"PropertyValueSpecification\",\"valueRequired\":true,\"valueName\":\"search_term_string\"}}],\"inLanguage\":\"cs\"}]}<\/script>\n<!-- \/ Yoast SEO plugin. -->","yoast_head_json":{"title":"Co v\u00e1m nab\u00edz\u00edme? - Viva Gladius","robots":{"index":"index","follow":"follow","max-snippet":"max-snippet:-1","max-image-preview":"max-image-preview:large","max-video-preview":"max-video-preview:-1"},"canonical":"https:\/\/www.viva-gladius.com\/?page_id=117","og_locale":"cs_CZ","og_type":"article","og_title":"Co v\u00e1m nab\u00edz\u00edme? - Viva Gladius","og_description":"Jsme skupina historick\u00e9ho \u0161ermu z Plzn\u011b, kter\u00e1 m\u00e1 mnohaletou zku\u0161enost s vystupov\u00e1n\u00edm, \u010di po\u0159\u00e1d\u00e1n\u00edm akc\u00ed pro nej\u0161ir\u0161\u00ed publikum. Zvl\u00e1dneme pobavit nejmen\u0161\u00ed (d\u011bti \u0161kolkov\u00e9ho v\u011bku) stejn\u011b jako nejstar\u0161\u00ed (domovy d\u016fchodov\u00e9 p\u00e9\u010de). Na\u0161e vystoupen\u00ed jsou prokl\u00e1dan\u00e9 vtipn\u00fdmi replikami, ale i popul\u00e1rn\u00ed nau\u010dn\u011b-vzd\u011bl\u00e1vac\u00ed p\u0159edn\u00e1\u0161kou s t\u00e9matikou antick\u00e9ho \u0159\u00edma a samoz\u0159ejm\u011b gladi\u00e1tor\u016f. Na na\u0161ich akc\u00edch, nech\u00e1me publikum vyzkou\u0161et si gladi\u00e1torskou v\u00fdstroj, prohl\u00e9dnout si t\u00e1bor a ochutnat z na\u0161\u00ed starov\u011bk\u00e9 kuchyn\u011b, kde va\u0159\u00edme podle Apiciovi slavn\u00e9 kucha\u0159ky. Samotn\u00fd boj je naprosto opravdov\u00fd, \u017e\u00e1dn\u00e9 divadlo! Proto se ob\u010das stane, \u017ee i te\u010de pro na\u0161e publikum krev. Pokud chcete show, jakou jste je\u0161t\u011b nevid\u011bli, jsme zde pro V\u00e1s! Cena vystoupen\u00ed se domlouv\u00e1 p\u0159\u00edmo pro Va\u0161e pot\u0159eby a p\u0159edstavu, proto j\u00ed nech\u00e1v\u00e1me na osobn\u00edm, \u010di telefonick\u00e9m jedn\u00e1n\u00ed. KONTAKT: GLADIATORES VIVA GLADIUS z.s. I\u010cO: 21216932 tel: 704 527 431 E-mail: bran1985@seznam.cz V kone\u010dn\u00e9m v\u00edt\u011bzstv\u00ed, nebo smrti! Viva Gladius Pro v\u00edce informac\u00ed o n\u00e1s klikni na obr\u00e1zek!","og_url":"https:\/\/www.viva-gladius.com\/?page_id=117","og_site_name":"Viva Gladius","article_modified_time":"2026-02-07T08:09:37+00:00","og_image":[{"width":1606,"height":858,"url":"https:\/\/www.viva-gladius.com\/wp-content\/uploads\/2026\/02\/536269581_760181416606044_446641224263094297_n.jpg","type":"image\/jpeg"}],"twitter_card":"summary_large_image","twitter_misc":{"Odhadovan\u00e1 doba \u010dten\u00ed":"2 minuty"},"schema":{"@context":"https:\/\/schema.org","@graph":[{"@type":"WebPage","@id":"https:\/\/www.viva-gladius.com\/?page_id=117","url":"https:\/\/www.viva-gladius.com\/?page_id=117","name":"Co v\u00e1m nab\u00edz\u00edme? - Viva Gladius","isPartOf":{"@id":"https:\/\/www.viva-gladius.com\/#website"},"primaryImageOfPage":{"@id":"https:\/\/www.viva-gladius.com\/?page_id=117#primaryimage"},"image":{"@id":"https:\/\/www.viva-gladius.com\/?page_id=117#primaryimage"},"thumbnailUrl":"https:\/\/www.viva-gladius.com\/wp-content\/uploads\/2026\/02\/536269581_760181416606044_446641224263094297_n.jpg","datePublished":"2023-10-20T07:44:57+00:00","dateModified":"2026-02-07T08:09:37+00:00","breadcrumb":{"@id":"https:\/\/www.viva-gladius.com\/?page_id=117#breadcrumb"},"inLanguage":"cs","potentialAction":[{"@type":"ReadAction","target":["https:\/\/www.viva-gladius.com\/?page_id=117"]}]},{"@type":"ImageObject","inLanguage":"cs","@id":"https:\/\/www.viva-gladius.com\/?page_id=117#primaryimage","url":"https:\/\/www.viva-gladius.com\/wp-content\/uploads\/2026\/02\/536269581_760181416606044_446641224263094297_n.jpg","contentUrl":"https:\/\/www.viva-gladius.com\/wp-content\/uploads\/2026\/02\/536269581_760181416606044_446641224263094297_n.jpg","width":1606,"height":858},{"@type":"BreadcrumbList","@id":"https:\/\/www.viva-gladius.com\/?page_id=117#breadcrumb","itemListElement":[{"@type":"ListItem","position":1,"name":"Home","item":"https:\/\/www.viva-gladius.com\/"},{"@type":"ListItem","position":2,"name":"Co v\u00e1m nab\u00edz\u00edme?"}]},{"@type":"WebSite","@id":"https:\/\/www.viva-gladius.com\/#website","url":"https:\/\/www.viva-gladius.com\/","name":"Viva Gladius","description":"KONE\u010cN\u00c9 V\u00cdT\u011aZSTV\u00cd, NEBO SMRT!","potentialAction":[{"@type":"SearchAction","target":{"@type":"EntryPoint","urlTemplate":"https:\/\/www.viva-gladius.com\/?s={search_term_string}"},"query-input":{"@type":"PropertyValueSpecification","valueRequired":true,"valueName":"search_term_string"}}],"inLanguage":"cs"}]}},"_links":{"self":[{"href":"https:\/\/www.viva-gladius.com\/index.php?rest_route=\/wp\/v2\/pages\/117","targetHints":{"allow":["GET"]}}],"collection":[{"href":"https:\/\/www.viva-gladius.com\/index.php?rest_route=\/wp\/v2\/pages"}],"about":[{"href":"https:\/\/www.viva-gladius.com\/index.php?rest_route=\/wp\/v2\/types\/page"}],"author":[{"embeddable":true,"href":"https:\/\/www.viva-gladius.com\/index.php?rest_route=\/wp\/v2\/users\/1"}],"replies":[{"embeddable":true,"href":"https:\/\/www.viva-gladius.com\/index.php?rest_route=%2Fwp%2Fv2%2Fcomments&post=117"}],"version-history":[{"count":5,"href":"https:\/\/www.viva-gladius.com\/index.php?rest_route=\/wp\/v2\/pages\/117\/revisions"}],"predecessor-version":[{"id":1477,"href":"https:\/\/www.viva-gladius.com\/index.php?rest_route=\/wp\/v2\/pages\/117\/revisions\/1477"}],"wp:featuredmedia":[{"embeddable":true,"href":"https:\/\/www.viva-gladius.com\/index.php?rest_route=\/wp\/v2\/media\/1478"}],"wp:attachment":[{"href":"https:\/\/www.viva-gladius.com\/index.php?rest_route=%2Fwp%2Fv2%2Fmedia&parent=117"}],"curies":[{"name":"wp","href":"https:\/\/api.w.org\/{rel}","templated":true}]}}